{"id":1855,"date":"2025-11-20T17:06:22","date_gmt":"2025-11-20T22:06:22","guid":{"rendered":"https:\/\/gmsh.ca\/mild2wild\/"},"modified":"2026-01-30T10:18:08","modified_gmt":"2026-01-30T15:18:08","slug":"mild2wild","status":"publish","type":"page","link":"https:\/\/gmsh.ca\/es\/mild2wild\/","title":{"rendered":"Mild2Wild"},"content":{"rendered":"\n<section aria-labelledby=\"sti-hiv-prevention-heading\" class=\"w-full px-4 sm:px-8 md:px-16 pt-6 md:pt-28\" style=\"background-color: var(--wp--preset--color--pink-light);\">\n    <div class=\"max-w-screen-xl mx-auto flex flex-col lg:flex-row items-start justify-between gap-4\">\n        <div class=\"flex-1 space-y-6 text-left py-0 lg:py-28\">\n                            <h1 class=\"text-black text-left\">\n                    Mild2Wild                <\/h1>\n                                        <div class=\"text-black text-lg md:text-xl leading-normal text-left mb-10 space-y-4\">\n                    <p><!-- wp:paragraph --><\/p>\n<p><em><strong>Mild2Wild<\/strong> <\/em>es un centro comunitario online y un grupo quincenal de Zoom para chicos de dos esp\u00edritus, homosexuales, bisexuales, transexuales y queer (2SGBTQ+) que se divierten y juegan en cualquier lugar de Ontario.<\/p>\n<p><!-- \/wp:paragraph --> <!-- wp:paragraph --><\/p>\n<p>Un espacio de baja barrera, discreto y positivo para que los chicos que se van de fiesta conecten, aprendan y se apoyen mutuamente. No te presionaremos para que dejes de fumar ni te haremos promesas sobre tu consumo. En lugar de eso, te ayudamos a explorar tu relaci\u00f3n con la PnP, en tus propios t\u00e9rminos.  <\/p>\n<p><!-- \/wp:paragraph --> <!-- wp:paragraph --><\/p>\n<p>\u00a1Creemos que Mild2Wild es lo m\u00e1s divertido que puedes hacer en Zoom con los pantalones puestos!<!-- \/wp:paragraph --><\/p>\n                <\/div>\n                        <div>\n                            <\/div>\n        <\/div>\n        <div class=\"flex-1 flex justify-center items-center m-auto space-y-6\">\n            <div class=\"relative w-[300px] h-[300px] sm:w-[415px] sm:h-[415px] overflow-hidden flex items-center justify-center\">\n                                    <img decoding=\"async\" src=\"https:\/\/gmsh.ca\/wp-content\/uploads\/2025\/11\/m2w-2025-standard-logo.jpg\"\n                        alt=\"\"\n                        class=\"object-contain max-w-full max-h-full\" \/>\n                            <\/div>\n        <\/div>\n    <\/div>\n<\/section>\n\n<div class=\"text-left max-w-3xl mx-auto md:mt-16 md:mb-16 px-4 sm:px-8 md:px-16\">\n    <div class=\"entry-content p-0 prose prose-md text-left\">\n        <div class=\"acf-innerblocks-container\">\n\n<p><strong>Fecha\/Hora:<\/strong> Cada segundo jueves, de 7:00 a 9:00 PM EST<\/p>\n\n\n\n<p><strong>Localizaci\u00f3n:<\/strong> Alojado en Zoom<\/p>\n\n\n\n<p><strong>Para m\u00e1s informaci\u00f3n y el enlace de la reuni\u00f3n: <\/strong>env\u00eda un correo electr\u00f3nico <a href=\"mailto:mild2wild@gmsh.ca\" target=\"_blank\" rel=\"noreferrer noopener\">a mild2wild@gmsh.ca<\/a> O visita nuestro hub de telegram <a href=\"https:\/\/t.me\/+8MDerWQyY2QxZmMx\" target=\"_blank\" rel=\"noreferrer noopener\">https:\/\/t.me\/+8MDerWQyY2QxZmMx<\/a><\/p>\n\n\n\n<h2 class=\"wp-block-heading\"><strong>Pr\u00f3ximos temas:<\/strong><\/h2>\n\n\n\n<ul class=\"wp-block-list\">\n<li><strong>20-Nov-25<\/strong> Douchin&#8217; Douching\/booty bumping\/juguetes\/antibi\u00f3ticos\/microbioma<\/li>\n\n\n\n<li><strong>04-Dic-25<\/strong> Respuesta a la sobredosis\/Primeros auxilios Respuesta a la sobredosis\/respuesta a la sobredosis aka PnP Primeros auxilios<\/li>\n\n\n\n<li><strong>18-Dic-25<\/strong> La web oscura Seguridad y navegaci\u00f3n por los peligros de la web oscura.<\/li>\n\n\n\n<li><strong>01-Ene-26<\/strong> TBC New Year&#8217;s Come Down Space<\/li>\n\n\n\n<li><strong>15-Ene-26<\/strong> Drug Nerdery Participar en la investigaci\u00f3n, investigar e interpretar la investigaci\u00f3n en beneficio de nuestras vidas.<\/li>\n\n\n\n<li><strong>29-Ene-26<\/strong> Bros Agresivos \u00bfC\u00f3mo manejamos a las personas agresivas en nuestros espacios PnP?<\/li>\n\n\n\n<li><strong>12-Feb-26<\/strong> Trabajo + PnP Explorar qu\u00e9 significa trabajar y salir de fiesta, y c\u00f3mo navegar entre ambos.<\/li>\n\n\n\n<li><strong>26-Feb-26<\/strong> Relaciones y PnP \u00bfC\u00f3mo hacer que una relaci\u00f3n y el PnP funcionen?<\/li>\n\n\n\n<li><strong>12-Mar-26<\/strong> Errores + Reparaci\u00f3n<\/li>\n<\/ul>\n\n<\/div>\n    <\/div>\n<\/div>\n","protected":false},"excerpt":{"rendered":"","protected":false},"author":3,"featured_media":0,"parent":0,"menu_order":0,"comment_status":"closed","ping_status":"closed","template":"","meta":{"_acf_changed":false,"footnotes":""},"class_list":["post-1855","page","type-page","status-publish","hentry"],"acf":[],"yoast_head":"<!-- This site is optimized with the Yoast SEO plugin v27.4 - https:\/\/yoast.com\/product\/yoast-seo-wordpress\/ -->\n<title>Mild2Wild - GMSH.ca<\/title>\n<meta name=\"robots\" content=\"index, follow, max-snippet:-1, max-image-preview:large, max-video-preview:-1\" \/>\n<link rel=\"canonical\" href=\"https:\/\/gmsh.ca\/es\/mild2wild\/\" \/>\n<meta property=\"og:locale\" content=\"es_ES\" \/>\n<meta property=\"og:type\" content=\"article\" \/>\n<meta property=\"og:title\" content=\"Mild2Wild - GMSH.ca\" \/>\n<meta property=\"og:url\" content=\"https:\/\/gmsh.ca\/es\/mild2wild\/\" \/>\n<meta property=\"og:site_name\" content=\"GMSH.ca\" \/>\n<meta property=\"article:publisher\" content=\"https:\/\/www.facebook.com\/GMSHAlliance\" \/>\n<meta property=\"article:modified_time\" content=\"2026-01-30T15:18:08+00:00\" \/>\n<meta property=\"og:image\" content=\"https:\/\/gmsh.ca\/wp-content\/uploads\/2026\/04\/gmsh-social-share.jpg\" \/>\n\t<meta property=\"og:image:width\" content=\"1200\" \/>\n\t<meta property=\"og:image:height\" content=\"675\" \/>\n\t<meta property=\"og:image:type\" content=\"image\/jpeg\" \/>\n<meta name=\"twitter:card\" content=\"summary_large_image\" \/>\n<meta name=\"twitter:site\" content=\"@gmshalliance\" \/>\n<meta name=\"twitter:label1\" content=\"Tiempo de lectura\" \/>\n\t<meta name=\"twitter:data1\" content=\"1 minuto\" \/>\n<script type=\"application\/ld+json\" class=\"yoast-schema-graph\">{\"@context\":\"https:\\\/\\\/schema.org\",\"@graph\":[{\"@type\":\"WebPage\",\"@id\":\"https:\\\/\\\/gmsh.ca\\\/es\\\/mild2wild\\\/\",\"url\":\"https:\\\/\\\/gmsh.ca\\\/es\\\/mild2wild\\\/\",\"name\":\"Mild2Wild - GMSH.ca\",\"isPartOf\":{\"@id\":\"https:\\\/\\\/gmsh.ca\\\/es\\\/#website\"},\"datePublished\":\"2025-11-20T22:06:22+00:00\",\"dateModified\":\"2026-01-30T15:18:08+00:00\",\"breadcrumb\":{\"@id\":\"https:\\\/\\\/gmsh.ca\\\/es\\\/mild2wild\\\/#breadcrumb\"},\"inLanguage\":\"es\",\"potentialAction\":[{\"@type\":\"ReadAction\",\"target\":[\"https:\\\/\\\/gmsh.ca\\\/es\\\/mild2wild\\\/\"]}]},{\"@type\":\"BreadcrumbList\",\"@id\":\"https:\\\/\\\/gmsh.ca\\\/es\\\/mild2wild\\\/#breadcrumb\",\"itemListElement\":[{\"@type\":\"ListItem\",\"position\":1,\"name\":\"Inicio\",\"item\":\"https:\\\/\\\/gmsh.ca\\\/es\\\/\"},{\"@type\":\"ListItem\",\"position\":2,\"name\":\"Mild2Wild\"}]},{\"@type\":\"WebSite\",\"@id\":\"https:\\\/\\\/gmsh.ca\\\/es\\\/#website\",\"url\":\"https:\\\/\\\/gmsh.ca\\\/es\\\/\",\"name\":\"Gay Men\u2019s Sexual Health Alliance (GMSH)\",\"description\":\"Empowering Connection and Well-being for 2SGBTQ+ Men\",\"publisher\":{\"@id\":\"https:\\\/\\\/gmsh.ca\\\/es\\\/#organization\"},\"alternateName\":\"GMSH.ca\",\"potentialAction\":[{\"@type\":\"SearchAction\",\"target\":{\"@type\":\"EntryPoint\",\"urlTemplate\":\"https:\\\/\\\/gmsh.ca\\\/es\\\/?s={search_term_string}\"},\"query-input\":{\"@type\":\"PropertyValueSpecification\",\"valueRequired\":true,\"valueName\":\"search_term_string\"}}],\"inLanguage\":\"es\"},{\"@type\":\"Organization\",\"@id\":\"https:\\\/\\\/gmsh.ca\\\/es\\\/#organization\",\"name\":\"Gay Men\u2019s Sexual Health Alliance (GMSH)\",\"url\":\"https:\\\/\\\/gmsh.ca\\\/es\\\/\",\"logo\":{\"@type\":\"ImageObject\",\"inLanguage\":\"es\",\"@id\":\"https:\\\/\\\/gmsh.ca\\\/es\\\/#\\\/schema\\\/logo\\\/image\\\/\",\"url\":\"https:\\\/\\\/gmsh.ca\\\/wp-content\\\/uploads\\\/2026\\\/01\\\/gmsh-favicon.png\",\"contentUrl\":\"https:\\\/\\\/gmsh.ca\\\/wp-content\\\/uploads\\\/2026\\\/01\\\/gmsh-favicon.png\",\"width\":340,\"height\":340,\"caption\":\"Gay Men\u2019s Sexual Health Alliance (GMSH)\"},\"image\":{\"@id\":\"https:\\\/\\\/gmsh.ca\\\/es\\\/#\\\/schema\\\/logo\\\/image\\\/\"},\"sameAs\":[\"https:\\\/\\\/www.facebook.com\\\/GMSHAlliance\",\"https:\\\/\\\/x.com\\\/gmshalliance\",\"https:\\\/\\\/www.linkedin.com\\\/company\\\/gay-men-s-sexual-health-alliance\\\/?originalSubdomain=ca\",\"https:\\\/\\\/www.instagram.com\\\/gaymenssexualhealthalliance\\\/\",\"https:\\\/\\\/www.youtube.com\\\/gaymenssexualhealthalliance\"]}]}<\/script>\n<!-- \/ Yoast SEO plugin. -->","yoast_head_json":{"title":"Mild2Wild - GMSH.ca","robots":{"index":"index","follow":"follow","max-snippet":"max-snippet:-1","max-image-preview":"max-image-preview:large","max-video-preview":"max-video-preview:-1"},"canonical":"https:\/\/gmsh.ca\/es\/mild2wild\/","og_locale":"es_ES","og_type":"article","og_title":"Mild2Wild - GMSH.ca","og_url":"https:\/\/gmsh.ca\/es\/mild2wild\/","og_site_name":"GMSH.ca","article_publisher":"https:\/\/www.facebook.com\/GMSHAlliance","article_modified_time":"2026-01-30T15:18:08+00:00","og_image":[{"width":1200,"height":675,"url":"https:\/\/gmsh.ca\/wp-content\/uploads\/2026\/04\/gmsh-social-share.jpg","type":"image\/jpeg"}],"twitter_card":"summary_large_image","twitter_site":"@gmshalliance","twitter_misc":{"Tiempo de lectura":"1 minuto"},"schema":{"@context":"https:\/\/schema.org","@graph":[{"@type":"WebPage","@id":"https:\/\/gmsh.ca\/es\/mild2wild\/","url":"https:\/\/gmsh.ca\/es\/mild2wild\/","name":"Mild2Wild - GMSH.ca","isPartOf":{"@id":"https:\/\/gmsh.ca\/es\/#website"},"datePublished":"2025-11-20T22:06:22+00:00","dateModified":"2026-01-30T15:18:08+00:00","breadcrumb":{"@id":"https:\/\/gmsh.ca\/es\/mild2wild\/#breadcrumb"},"inLanguage":"es","potentialAction":[{"@type":"ReadAction","target":["https:\/\/gmsh.ca\/es\/mild2wild\/"]}]},{"@type":"BreadcrumbList","@id":"https:\/\/gmsh.ca\/es\/mild2wild\/#breadcrumb","itemListElement":[{"@type":"ListItem","position":1,"name":"Inicio","item":"https:\/\/gmsh.ca\/es\/"},{"@type":"ListItem","position":2,"name":"Mild2Wild"}]},{"@type":"WebSite","@id":"https:\/\/gmsh.ca\/es\/#website","url":"https:\/\/gmsh.ca\/es\/","name":"Gay Men\u2019s Sexual Health Alliance (GMSH)","description":"Empowering Connection and Well-being for 2SGBTQ+ Men","publisher":{"@id":"https:\/\/gmsh.ca\/es\/#organization"},"alternateName":"GMSH.ca","potentialAction":[{"@type":"SearchAction","target":{"@type":"EntryPoint","urlTemplate":"https:\/\/gmsh.ca\/es\/?s={search_term_string}"},"query-input":{"@type":"PropertyValueSpecification","valueRequired":true,"valueName":"search_term_string"}}],"inLanguage":"es"},{"@type":"Organization","@id":"https:\/\/gmsh.ca\/es\/#organization","name":"Gay Men\u2019s Sexual Health Alliance (GMSH)","url":"https:\/\/gmsh.ca\/es\/","logo":{"@type":"ImageObject","inLanguage":"es","@id":"https:\/\/gmsh.ca\/es\/#\/schema\/logo\/image\/","url":"https:\/\/gmsh.ca\/wp-content\/uploads\/2026\/01\/gmsh-favicon.png","contentUrl":"https:\/\/gmsh.ca\/wp-content\/uploads\/2026\/01\/gmsh-favicon.png","width":340,"height":340,"caption":"Gay Men\u2019s Sexual Health Alliance (GMSH)"},"image":{"@id":"https:\/\/gmsh.ca\/es\/#\/schema\/logo\/image\/"},"sameAs":["https:\/\/www.facebook.com\/GMSHAlliance","https:\/\/x.com\/gmshalliance","https:\/\/www.linkedin.com\/company\/gay-men-s-sexual-health-alliance\/?originalSubdomain=ca","https:\/\/www.instagram.com\/gaymenssexualhealthalliance\/","https:\/\/www.youtube.com\/gaymenssexualhealthalliance"]}]}},"_links":{"self":[{"href":"https:\/\/gmsh.ca\/es\/wp-json\/wp\/v2\/pages\/1855","targetHints":{"allow":["GET"]}}],"collection":[{"href":"https:\/\/gmsh.ca\/es\/wp-json\/wp\/v2\/pages"}],"about":[{"href":"https:\/\/gmsh.ca\/es\/wp-json\/wp\/v2\/types\/page"}],"author":[{"embeddable":true,"href":"https:\/\/gmsh.ca\/es\/wp-json\/wp\/v2\/users\/3"}],"replies":[{"embeddable":true,"href":"https:\/\/gmsh.ca\/es\/wp-json\/wp\/v2\/comments?post=1855"}],"version-history":[{"count":0,"href":"https:\/\/gmsh.ca\/es\/wp-json\/wp\/v2\/pages\/1855\/revisions"}],"wp:attachment":[{"href":"https:\/\/gmsh.ca\/es\/wp-json\/wp\/v2\/media?parent=1855"}],"curies":[{"name":"wp","href":"https:\/\/api.w.org\/{rel}","templated":true}]}}