{"id":940,"date":"2025-05-27T12:07:57","date_gmt":"2025-05-27T16:07:57","guid":{"rendered":"https:\/\/gmsh.ca\/evenements\/"},"modified":"2025-11-26T10:09:26","modified_gmt":"2025-11-26T15:09:26","slug":"evenements","status":"publish","type":"page","link":"https:\/\/gmsh.ca\/fr\/evenements\/","title":{"rendered":"Ev\u00e9nements"},"content":{"rendered":"\n<section aria-labelledby=\"sti-hiv-prevention-heading\" class=\"w-full px-4 sm:px-8 md:px-16 pt-6 md:pt-28\" style=\"background-color: var(--wp--preset--color--pink-soft);\">\n    <div class=\"max-w-screen-xl mx-auto flex flex-col lg:flex-row items-start justify-between gap-4\">\n        <div class=\"flex-1 space-y-6 text-left py-0 lg:py-28\">\n                            <h1 class=\"text-black text-left\">\n                    D\u00e9couvrez les <span> \u00e9v\u00e9nements \u00e0 venir <\/span>                 <\/h1>\n                                        <div class=\"text-black text-lg md:text-xl leading-normal text-left mb-10 space-y-4\">\n                    <p>Explorez les \u00e9v\u00e9nements virtuels et en personne organis\u00e9s par le SSHG, les organisations de l&rsquo;Alliance et les groupes communautaires locaux qui cr\u00e9ent un espace de connexion, d&rsquo;apprentissage et d&rsquo;exp\u00e9riences partag\u00e9es.<\/p>\n                <\/div>\n                        <div>\n                            <\/div>\n        <\/div>\n        <div class=\"flex-1 flex justify-center items-center m-auto space-y-6\">\n            <div class=\"relative w-[300px] h-[300px] sm:w-[415px] sm:h-[415px] overflow-hidden flex items-center justify-center\">\n                                    <img decoding=\"async\" src=\"https:\/\/gmsh.ca\/wp-content\/uploads\/2025\/09\/GMSH-Icons-07-2.png\"\n                        alt=\"\"\n                        class=\"object-contain max-w-full max-h-full\" \/>\n                            <\/div>\n        <\/div>\n    <\/div>\n<\/section>\n\n<section class=\"w-full px-4 sm:px-8 md:px-16 py-20 md:py-24\">\n            <ul class=\"space-y-8 md:space-y-16 max-w-7xl md:max-w-4xl mx-auto py-8 md:py-16 w-full\" role=\"list\">\n                            \n                <li class=\"mb-8\">\n                    <div class=\"block group\">\n                        <article class=\"flex flex-col md:flex-row items-center gap-8 border-t border-Color-Scheme-1-Border pt-8 relative\">\n                                                                                            <div class=\"w-full md:w-40 text-center py-3 rounded-xl bg-[#FFEDF4] p-7\">\n                                    <div class=\"text-black font-epilogue font-normal text-left text-2xl md:hidden mt-1\">\n                                        jeu, Nov 27, 2025                                    <\/div>\n                                    <div class=\"hidden md:flex flex-col space-y-1\">\n                                        <p class=\"text-base text-black font-epilogue font-normal uppercase\">jeu<\/p>\n                                        <p class=\"text-black font-semibold text-6xl mb-2.5 mt-1\">27<\/p>\n                                        <p class=\"text-base text-black font-normal font-epilogue uppercase\">Nov 2025<\/p>\n                                    <\/div>\n                                <\/div>\n                            \n                            <div class=\"flex-1 space-y-2 text-left\">\n                                <h3 class=\"text-2xl font-medium text-black mb-3\">Gala Foulard Rouge 2025<\/h3>\n\n                                                                    <p class=\"text-black font-epilogue uppercase text-xs tracking-widest mt-2\">\n                                        <span class=\"font-black\">Lieu de travail :<\/span>\n                                        <span class=\"font-semibold\">L\u2019Union, 124 rue Sydney, South Kitchener. <\/span>\n                                    <\/p>\n                                \n                                                                    <p class=\"text-black font-epilogue uppercase text-xs tracking-widest mt-2\">\n                                        <span class=\"font-black\">H\u00f4te :<\/span>\n                                        <span class=\"font-semibold\">Pr\u00e9vention et soutien du VIH Thrive <\/span>\n                                    <\/p>\n                                \n                                                                    <p class=\"text-base text-black mt-4\">Vivez la magie de la communaut\u00e9 alors que nous nous rassemblons pour c\u00e9l\u00e9brer et soutenir les personnes vivant avec le VIH dans la r\u00e9gion de Waterloo et Guelph-Wellington.<\/p>\n                                                            <\/div>\n\n                                                            <div class=\"w-full md:w-auto flex justify-center md:justify-start\">\n                                    <a\n                                        href=\"https:\/\/gmsh.ca\/fr\/gala-foulard-rouge-2025\/\"\n                                        target=\"_self\"\n                                        class=\"w-full md:w-auto px-6 py-3 outline-1 font-medium text-black rounded-md text-base transition group-hover:bg-black group-hover:text-white after:absolute after:inset-0\">\n                                        Voir plus d\u2019infos                                    <\/a>\n                                <\/div>\n                    <\/div>\n                                <\/article>\n                <\/a>\n                <\/li>\n                            \n                <li class=\"mb-8\">\n                    <div class=\"block group\">\n                        <article class=\"flex flex-col md:flex-row items-center gap-8 border-t border-Color-Scheme-1-Border pt-8 relative\">\n                                                                                            <div class=\"w-full md:w-40 text-center py-3 rounded-xl bg-[#FFEDF4] p-7\">\n                                    <div class=\"text-black font-epilogue font-normal text-left text-2xl md:hidden mt-1\">\n                                        jeu, Mar 26, 2026                                    <\/div>\n                                    <div class=\"hidden md:flex flex-col space-y-1\">\n                                        <p class=\"text-base text-black font-epilogue font-normal uppercase\">jeu<\/p>\n                                        <p class=\"text-black font-semibold text-6xl mb-2.5 mt-1\">26<\/p>\n                                        <p class=\"text-base text-black font-normal font-epilogue uppercase\">Mar 2026<\/p>\n                                    <\/div>\n                                <\/div>\n                            \n                            <div class=\"flex-1 space-y-2 text-left\">\n                                <h3 class=\"text-2xl font-medium text-black mb-3\">Mild2Wild<\/h3>\n\n                                                                    <p class=\"text-black font-epilogue uppercase text-xs tracking-widest mt-2\">\n                                        <span class=\"font-black\">Lieu de travail :<\/span>\n                                        <span class=\"font-semibold\">En ligne (Zoom) <\/span>\n                                    <\/p>\n                                \n                                                                    <p class=\"text-black font-epilogue uppercase text-xs tracking-widest mt-2\">\n                                        <span class=\"font-black\">H\u00f4te :<\/span>\n                                        <span class=\"font-semibold\">GMSH <\/span>\n                                    <\/p>\n                                \n                                                                    <p class=\"text-base text-black mt-4\">Un groupe Zoom bihebdomadaire pour tous les gars bispirituels, gais, bi, trans et queer (2SGBTQ+) qui font la f\u00eate et s\u2019amusent de n\u2019importe o\u00f9 en Ontario.<\/p>\n                                                            <\/div>\n\n                                                            <div class=\"w-full md:w-auto flex justify-center md:justify-start\">\n                                    <a\n                                        href=\"https:\/\/gmsh.ca\/fr\/mild2wild\/\"\n                                        target=\"_self\"\n                                        class=\"w-full md:w-auto px-6 py-3 outline-1 font-medium text-black rounded-md text-base transition group-hover:bg-black group-hover:text-white after:absolute after:inset-0\">\n                                        Plus d\u2019infos                                    <\/a>\n                                <\/div>\n                    <\/div>\n                                <\/article>\n                <\/a>\n                <\/li>\n                    <\/ul>\n\n        <div class=\"pagination flex justify-center mt-12\">\n                    <\/div>\n\n            <\/section>\n<section aria-labelledby=\"providers-heading\" class=\"bg-Color-Scheme-1-Background py-14 px-4 sm:px-8 md:px-16\">\n    <div class=\"max-w-screen-xl mx-auto space-y-16\">\n\n        <div class=\"text-left max-w-[100%] md:max-w-[810px] space-y-6\">\n                            <h2 class=\"mb-3 md:mb-6\">\n                    <span>Outils<\/span> suppl\u00e9mentaires                <\/h2>\n            \n                            <div class=\"text-[16px] md:text-[20px] text-black font-normal leading-relaxed\">\n                    D\u00e9couvrez notre calendrier d&rsquo;\u00e9v\u00e9nements, notre outil de recherche de services locaux, ainsi qu&rsquo;une large s\u00e9lection de ressources et de publications con\u00e7ues pour vous tenir inform\u00e9 et connect\u00e9.                <\/div>\n                    <\/div>\n\n                    <div class=\"grid gap-x-12 md:grid-cols-3\">\n                                    <div class=\"group block\">\n                        <article class=\"flex flex-col space-y-6 text-left relative\">\n\n                                                            <img loading=\"lazy\" decoding=\"async\" width=\"300\" height=\"281\" src=\"https:\/\/gmsh.ca\/wp-content\/uploads\/2025\/09\/GMSH-Icons-07-2-300x281.png\" class=\"w-[176px] h-[177px] object-contain\" alt=\"\" srcset=\"https:\/\/gmsh.ca\/wp-content\/uploads\/2025\/09\/GMSH-Icons-07-2-300x281.png 300w, https:\/\/gmsh.ca\/wp-content\/uploads\/2025\/09\/GMSH-Icons-07-2.png 309w\" sizes=\"auto, (max-width: 300px) 100vw, 300px\" \/>                            \n                                                            <h3 class=\"text-2xl text-black mb-3 font-medium\">\n                                    Calendrier des \u00e9v\u00e9nements                                <\/h3>\n                            \n                                                            <div class=\"text-base text-black mb-3\">\n                                    Explorez les \u00e9v\u00e9nements en ligne et en personne qui se d\u00e9roulent dans tout l&rsquo;Ontario.                                <\/div>\n                            \n                                                            <div>\n                                    <a href=\"https:\/\/gmsh.ca\/events-section\/\"\n                                        class=\" text-black pb-[2px] border-b border-transparent group-hover:border-black transition font-medium after:absolute after:inset-0 cursor-pointer\">\n                                        Voir les \u00e9v\u00e9nements                                    <\/a>\n                                <\/div>\n                                                    <\/article>\n                    <\/div>\n                                    <div class=\"group block\">\n                        <article class=\"flex flex-col space-y-6 text-left relative\">\n\n                                                            <img loading=\"lazy\" decoding=\"async\" width=\"300\" height=\"200\" src=\"https:\/\/gmsh.ca\/wp-content\/uploads\/2025\/09\/services-300x200.webp\" class=\"w-[176px] h-[177px] object-contain\" alt=\"\" srcset=\"https:\/\/gmsh.ca\/wp-content\/uploads\/2025\/09\/services-300x200.webp 300w, https:\/\/gmsh.ca\/wp-content\/uploads\/2025\/09\/services-1024x683.webp 1024w, https:\/\/gmsh.ca\/wp-content\/uploads\/2025\/09\/services-768x512.webp 768w, https:\/\/gmsh.ca\/wp-content\/uploads\/2025\/09\/services.webp 1536w\" sizes=\"auto, (max-width: 300px) 100vw, 300px\" \/>                            \n                                                            <h3 class=\"text-2xl text-black mb-3 font-medium\">\n                                    Trouver des services                                <\/h3>\n                            \n                                                            <div class=\"text-base text-black mb-3\">\n                                    D\u00e9couvrez les options \u00e0 proximit\u00e9 ou en ligne pour le d\u00e9pistage, la PrEP, les soins li\u00e9s au VIH et le soutien aux toxicomanes.                                <\/div>\n                            \n                                                            <div>\n                                    <a href=\"https:\/\/gmsh.ca\/find-services\/\"\n                                        class=\" text-black pb-[2px] border-b border-transparent group-hover:border-black transition font-medium after:absolute after:inset-0 cursor-pointer\">\n                                        Trouvez des services locaux                                    <\/a>\n                                <\/div>\n                                                    <\/article>\n                    <\/div>\n                                    <div class=\"group block\">\n                        <article class=\"flex flex-col space-y-6 text-left relative\">\n\n                                                            <img loading=\"lazy\" decoding=\"async\" width=\"177\" height=\"177\" src=\"https:\/\/gmsh.ca\/wp-content\/uploads\/2025\/09\/GMSH-Icons-07-1.png\" class=\"w-[176px] h-[177px] object-contain\" alt=\"\" srcset=\"https:\/\/gmsh.ca\/wp-content\/uploads\/2025\/09\/GMSH-Icons-07-1.png 177w, https:\/\/gmsh.ca\/wp-content\/uploads\/2025\/09\/GMSH-Icons-07-1-150x150.png 150w\" sizes=\"auto, (max-width: 177px) 100vw, 177px\" \/>                            \n                                                            <h3 class=\"text-2xl text-black mb-3 font-medium\">\n                                    Ressources                                <\/h3>\n                            \n                                                            <div class=\"text-base text-black mb-3\">\n                                    Consultez nos publications et nos ressources scientifiques pour obtenir des informations fiables et actualis\u00e9es sur la sant\u00e9.                                <\/div>\n                            \n                                                            <div>\n                                    <a href=\"https:\/\/gmsh.ca\/resources\/\"\n                                        class=\" text-black pb-[2px] border-b border-transparent group-hover:border-black transition font-medium after:absolute after:inset-0 cursor-pointer\">\n                                        Explorer les ressources                                    <\/a>\n                                <\/div>\n                                                    <\/article>\n                    <\/div>\n                            <\/div>\n            <\/div>\n<\/section>","protected":false},"excerpt":{"rendered":"","protected":false},"author":1,"featured_media":0,"parent":0,"menu_order":0,"comment_status":"closed","ping_status":"closed","template":"","meta":{"_acf_changed":false,"footnotes":""},"class_list":["post-940","page","type-page","status-publish","hentry"],"acf":[],"yoast_head":"<!-- This site is optimized with the Yoast SEO plugin v27.4 - https:\/\/yoast.com\/product\/yoast-seo-wordpress\/ -->\n<title>Ev\u00e9nements - GMSH.ca<\/title>\n<meta name=\"robots\" content=\"index, follow, max-snippet:-1, max-image-preview:large, max-video-preview:-1\" \/>\n<link rel=\"canonical\" href=\"https:\/\/gmsh.ca\/fr\/evenements\/\" \/>\n<meta property=\"og:locale\" content=\"fr_FR\" \/>\n<meta property=\"og:type\" content=\"article\" \/>\n<meta property=\"og:title\" content=\"Ev\u00e9nements - GMSH.ca\" \/>\n<meta property=\"og:url\" content=\"https:\/\/gmsh.ca\/fr\/evenements\/\" \/>\n<meta property=\"og:site_name\" content=\"GMSH.ca\" \/>\n<meta property=\"article:publisher\" content=\"https:\/\/www.facebook.com\/GMSHAlliance\" \/>\n<meta property=\"article:modified_time\" content=\"2025-11-26T15:09:26+00:00\" \/>\n<meta property=\"og:image\" content=\"https:\/\/gmsh.ca\/wp-content\/uploads\/2026\/04\/gmsh-social-share.jpg\" \/>\n\t<meta property=\"og:image:width\" content=\"1200\" \/>\n\t<meta property=\"og:image:height\" content=\"675\" \/>\n\t<meta property=\"og:image:type\" content=\"image\/jpeg\" \/>\n<meta name=\"twitter:card\" content=\"summary_large_image\" \/>\n<meta name=\"twitter:site\" content=\"@gmshalliance\" \/>\n<script type=\"application\/ld+json\" class=\"yoast-schema-graph\">{\"@context\":\"https:\\\/\\\/schema.org\",\"@graph\":[{\"@type\":\"WebPage\",\"@id\":\"https:\\\/\\\/gmsh.ca\\\/fr\\\/evenements\\\/\",\"url\":\"https:\\\/\\\/gmsh.ca\\\/fr\\\/evenements\\\/\",\"name\":\"Ev\u00e9nements - GMSH.ca\",\"isPartOf\":{\"@id\":\"https:\\\/\\\/gmsh.ca\\\/fr\\\/#website\"},\"datePublished\":\"2025-05-27T16:07:57+00:00\",\"dateModified\":\"2025-11-26T15:09:26+00:00\",\"breadcrumb\":{\"@id\":\"https:\\\/\\\/gmsh.ca\\\/fr\\\/evenements\\\/#breadcrumb\"},\"inLanguage\":\"fr-FR\",\"potentialAction\":[{\"@type\":\"ReadAction\",\"target\":[\"https:\\\/\\\/gmsh.ca\\\/fr\\\/evenements\\\/\"]}]},{\"@type\":\"BreadcrumbList\",\"@id\":\"https:\\\/\\\/gmsh.ca\\\/fr\\\/evenements\\\/#breadcrumb\",\"itemListElement\":[{\"@type\":\"ListItem\",\"position\":1,\"name\":\"Home\",\"item\":\"https:\\\/\\\/gmsh.ca\\\/fr\\\/\"},{\"@type\":\"ListItem\",\"position\":2,\"name\":\"Ev\u00e9nements\"}]},{\"@type\":\"WebSite\",\"@id\":\"https:\\\/\\\/gmsh.ca\\\/fr\\\/#website\",\"url\":\"https:\\\/\\\/gmsh.ca\\\/fr\\\/\",\"name\":\"Gay Men\u2019s Sexual Health Alliance (GMSH)\",\"description\":\"Empowering Connection and Well-being for 2SGBTQ+ Men\",\"publisher\":{\"@id\":\"https:\\\/\\\/gmsh.ca\\\/fr\\\/#organization\"},\"alternateName\":\"GMSH.ca\",\"potentialAction\":[{\"@type\":\"SearchAction\",\"target\":{\"@type\":\"EntryPoint\",\"urlTemplate\":\"https:\\\/\\\/gmsh.ca\\\/fr\\\/?s={search_term_string}\"},\"query-input\":{\"@type\":\"PropertyValueSpecification\",\"valueRequired\":true,\"valueName\":\"search_term_string\"}}],\"inLanguage\":\"fr-FR\"},{\"@type\":\"Organization\",\"@id\":\"https:\\\/\\\/gmsh.ca\\\/fr\\\/#organization\",\"name\":\"Gay Men\u2019s Sexual Health Alliance (GMSH)\",\"url\":\"https:\\\/\\\/gmsh.ca\\\/fr\\\/\",\"logo\":{\"@type\":\"ImageObject\",\"inLanguage\":\"fr-FR\",\"@id\":\"https:\\\/\\\/gmsh.ca\\\/fr\\\/#\\\/schema\\\/logo\\\/image\\\/\",\"url\":\"https:\\\/\\\/gmsh.ca\\\/wp-content\\\/uploads\\\/2026\\\/01\\\/gmsh-favicon.png\",\"contentUrl\":\"https:\\\/\\\/gmsh.ca\\\/wp-content\\\/uploads\\\/2026\\\/01\\\/gmsh-favicon.png\",\"width\":340,\"height\":340,\"caption\":\"Gay Men\u2019s Sexual Health Alliance (GMSH)\"},\"image\":{\"@id\":\"https:\\\/\\\/gmsh.ca\\\/fr\\\/#\\\/schema\\\/logo\\\/image\\\/\"},\"sameAs\":[\"https:\\\/\\\/www.facebook.com\\\/GMSHAlliance\",\"https:\\\/\\\/x.com\\\/gmshalliance\",\"https:\\\/\\\/www.linkedin.com\\\/company\\\/gay-men-s-sexual-health-alliance\\\/?originalSubdomain=ca\",\"https:\\\/\\\/www.instagram.com\\\/gaymenssexualhealthalliance\\\/\",\"https:\\\/\\\/www.youtube.com\\\/gaymenssexualhealthalliance\"]}]}<\/script>\n<!-- \/ Yoast SEO plugin. -->","yoast_head_json":{"title":"Ev\u00e9nements - GMSH.ca","robots":{"index":"index","follow":"follow","max-snippet":"max-snippet:-1","max-image-preview":"max-image-preview:large","max-video-preview":"max-video-preview:-1"},"canonical":"https:\/\/gmsh.ca\/fr\/evenements\/","og_locale":"fr_FR","og_type":"article","og_title":"Ev\u00e9nements - GMSH.ca","og_url":"https:\/\/gmsh.ca\/fr\/evenements\/","og_site_name":"GMSH.ca","article_publisher":"https:\/\/www.facebook.com\/GMSHAlliance","article_modified_time":"2025-11-26T15:09:26+00:00","og_image":[{"width":1200,"height":675,"url":"https:\/\/gmsh.ca\/wp-content\/uploads\/2026\/04\/gmsh-social-share.jpg","type":"image\/jpeg"}],"twitter_card":"summary_large_image","twitter_site":"@gmshalliance","schema":{"@context":"https:\/\/schema.org","@graph":[{"@type":"WebPage","@id":"https:\/\/gmsh.ca\/fr\/evenements\/","url":"https:\/\/gmsh.ca\/fr\/evenements\/","name":"Ev\u00e9nements - GMSH.ca","isPartOf":{"@id":"https:\/\/gmsh.ca\/fr\/#website"},"datePublished":"2025-05-27T16:07:57+00:00","dateModified":"2025-11-26T15:09:26+00:00","breadcrumb":{"@id":"https:\/\/gmsh.ca\/fr\/evenements\/#breadcrumb"},"inLanguage":"fr-FR","potentialAction":[{"@type":"ReadAction","target":["https:\/\/gmsh.ca\/fr\/evenements\/"]}]},{"@type":"BreadcrumbList","@id":"https:\/\/gmsh.ca\/fr\/evenements\/#breadcrumb","itemListElement":[{"@type":"ListItem","position":1,"name":"Home","item":"https:\/\/gmsh.ca\/fr\/"},{"@type":"ListItem","position":2,"name":"Ev\u00e9nements"}]},{"@type":"WebSite","@id":"https:\/\/gmsh.ca\/fr\/#website","url":"https:\/\/gmsh.ca\/fr\/","name":"Gay Men\u2019s Sexual Health Alliance (GMSH)","description":"Empowering Connection and Well-being for 2SGBTQ+ Men","publisher":{"@id":"https:\/\/gmsh.ca\/fr\/#organization"},"alternateName":"GMSH.ca","potentialAction":[{"@type":"SearchAction","target":{"@type":"EntryPoint","urlTemplate":"https:\/\/gmsh.ca\/fr\/?s={search_term_string}"},"query-input":{"@type":"PropertyValueSpecification","valueRequired":true,"valueName":"search_term_string"}}],"inLanguage":"fr-FR"},{"@type":"Organization","@id":"https:\/\/gmsh.ca\/fr\/#organization","name":"Gay Men\u2019s Sexual Health Alliance (GMSH)","url":"https:\/\/gmsh.ca\/fr\/","logo":{"@type":"ImageObject","inLanguage":"fr-FR","@id":"https:\/\/gmsh.ca\/fr\/#\/schema\/logo\/image\/","url":"https:\/\/gmsh.ca\/wp-content\/uploads\/2026\/01\/gmsh-favicon.png","contentUrl":"https:\/\/gmsh.ca\/wp-content\/uploads\/2026\/01\/gmsh-favicon.png","width":340,"height":340,"caption":"Gay Men\u2019s Sexual Health Alliance (GMSH)"},"image":{"@id":"https:\/\/gmsh.ca\/fr\/#\/schema\/logo\/image\/"},"sameAs":["https:\/\/www.facebook.com\/GMSHAlliance","https:\/\/x.com\/gmshalliance","https:\/\/www.linkedin.com\/company\/gay-men-s-sexual-health-alliance\/?originalSubdomain=ca","https:\/\/www.instagram.com\/gaymenssexualhealthalliance\/","https:\/\/www.youtube.com\/gaymenssexualhealthalliance"]}]}},"_links":{"self":[{"href":"https:\/\/gmsh.ca\/fr\/wp-json\/wp\/v2\/pages\/940","targetHints":{"allow":["GET"]}}],"collection":[{"href":"https:\/\/gmsh.ca\/fr\/wp-json\/wp\/v2\/pages"}],"about":[{"href":"https:\/\/gmsh.ca\/fr\/wp-json\/wp\/v2\/types\/page"}],"author":[{"embeddable":true,"href":"https:\/\/gmsh.ca\/fr\/wp-json\/wp\/v2\/users\/1"}],"replies":[{"embeddable":true,"href":"https:\/\/gmsh.ca\/fr\/wp-json\/wp\/v2\/comments?post=940"}],"version-history":[{"count":0,"href":"https:\/\/gmsh.ca\/fr\/wp-json\/wp\/v2\/pages\/940\/revisions"}],"wp:attachment":[{"href":"https:\/\/gmsh.ca\/fr\/wp-json\/wp\/v2\/media?parent=940"}],"curies":[{"name":"wp","href":"https:\/\/api.w.org\/{rel}","templated":true}]}}